{"id":744,"date":"2026-02-17T16:42:05","date_gmt":"2026-02-17T14:42:05","guid":{"rendered":"https:\/\/nauja.labiblioteka.lt\/en\/?page_id=744"},"modified":"2026-02-17T16:45:37","modified_gmt":"2026-02-17T14:45:37","slug":"i-want-an-accessible-book","status":"publish","type":"page","link":"https:\/\/nauja.labiblioteka.lt\/en\/i-want-an-accessible-book\/","title":{"rendered":"I want an accessible book"},"content":{"rendered":"<h3>Turi regos sutrikim\u0105 ar regos negali\u0105?<\/h3>\n<p>Rinkis <a href=\"https:\/\/elvislab.lt\/leidiniai?filter%5bformatai%5d=1&amp;sort=-created_at&amp;per_page=12\" target=\"_blank\" rel=\"noopener\" data-fpl-component=\"primitive\">garsin\u0119<\/a> arba <a href=\"https:\/\/elvislab.lt\/leidiniai?filter%5bformatai%5d=11&amp;sort=-created_at&amp;per_page=12\" target=\"_blank\" rel=\"noopener\" data-fpl-component=\"primitive\">EPUB<\/a> knyg\u0105. Jei skaitai Brailio ra\u0161tu \u2013 tav\u0119s laukia ne tik popierin\u0117s, bet ir <a href=\"https:\/\/elvislab.lt\/leidiniai?filter%5bformatai%5d=10&amp;sort=-created_at&amp;per_page=12\" target=\"_blank\" rel=\"noopener\" data-fpl-component=\"primitive\">skaitmenin\u0117s Brailio ra\u0161to knygos<\/a>. <a href=\"https:\/\/elvislab.lt\/register\" target=\"_blank\" rel=\"noopener\" data-fpl-component=\"primitive\">Registruokis \u012f ELVIS<\/a> arba skambink +370 667 80 541!<\/p>\n<h3>Turi disleksij\u0105 (skaitymo sutrikim\u0105), o gal disleksij\u0105 turi tavo vaikas?<\/h3>\n<p>Idealiai tinka <a href=\"https:\/\/elvislab.lt\/leidiniai?filter%5bformatai%5d=11&amp;sort=-created_at&amp;per_page=12&amp;filter%5bgrupes%5d=11\" target=\"_blank\" rel=\"noopener\" data-fpl-component=\"primitive\">EPUB<\/a>, patiks ir <a href=\"https:\/\/elvislab.lt\/leidiniai?filter%5bformatai%5d=1&amp;sort=-created_at&amp;per_page=12&amp;filter%5bgrupes%5d=11\" target=\"_blank\" rel=\"noopener\" data-fpl-component=\"primitive\">garsin\u0117 knyga<\/a>. <a href=\"https:\/\/elvislab.lt\/register\" target=\"_blank\" rel=\"noopener\" data-fpl-component=\"primitive\">Registruokis \u012f ELVIS<\/a> arba skambink +370 667 80 541!<\/p>\n<h3>Augini silpnai matant\u012f ma\u017eyl\u012f?<\/h3>\n<p>I\u0161bandyk unikalias, rankomis gamintas lie\u010diam\u0105sias knygeles su i\u0161kiliomis, ry\u0161ki\u0173 spalv\u0173 ir skirting\u0173 fakt\u016br\u0173 iliustracijomis, Brailio ra\u0161tu ir dideliais \u0161riftais! Knygeles rasi Lietuvos audiosensorin\u0117je bibliotekoje Vilniuje, siun\u010diame ir \u012f kitus miestus. Skambink +370 000 000 00 arba u\u017esuk \u012f Skrobl\u0173 g. 10.<\/p>\n<h3>Turi intelekto negali\u0105, esi kitakalbis ar d\u0117l kit\u0173 prie\u017eas\u010di\u0173 sunku sekti \u012fprastos knygos tekst\u0105 ir veiksm\u0105?<\/h3>\n<p>Ie\u0161kok knyg\u0173 <a href=\"https:\/\/elvislab.lt\/leidiniai?filter%5Bpaieska%5D=lengvai+suprantama+kalba\" target=\"_blank\" rel=\"noopener\" data-fpl-component=\"primitive\">lengvai suprantama kalba<\/a>, o jei nori garsinio turinio \u2013 klausyk <a href=\"https:\/\/elvislab.lt\/leidiniai?filter%5Bpaieska%5D=skaitini%C5%B3+valand%C4%97l%C4%97\" target=\"_blank\" rel=\"noopener\" data-fpl-component=\"primitive\">\u201eSkaitini\u0173 valand\u0117l\u0119\u201c<\/a>, \u0161i serija sukurta tau! <a href=\"https:\/\/elvislab.lt\/register\" target=\"_blank\" rel=\"noopener\" data-fpl-component=\"primitive\">Registruokis \u012f ELVIS<\/a> arba skambink +370 667 80 541.<\/p>\n<h3>Gal tau sunku s\u0117d\u0117ti, perversti puslapius, i\u0161laikyti knyg\u0105 rankose?<\/h3>\n<p><a href=\"https:\/\/elvislab.lt\/leidiniai?filter%5bformatai%5d=1&amp;sort=-created_at&amp;per_page=12\" target=\"_blank\" rel=\"noopener\" data-fpl-component=\"primitive\">Garsin\u0117 knyga<\/a> tav\u0119s tikrai nenuvargins, tik prad\u017eiugins. <a href=\"https:\/\/elvislab.lt\/register\" target=\"_blank\" rel=\"noopener\" data-fpl-component=\"primitive\">Registruokis \u012f ELVIS<\/a> arba skambink +370 667 80 541!<\/p>\n<h3>Nepatiri joki\u0173 skaitymo sunkum\u0173, ta\u010diau smalsu i\u0161bandyti prieinamus formatus?<\/h3>\n<p>Garsines ir EPUB knygas leid\u017eia <a href=\"https:\/\/www.baltoslankos.lt\/knygos#\/specFilters=16m!\" target=\"_blank\" rel=\"noopener\" data-fpl-component=\"primitive\">\u201eBaltos lankos\u201c<\/a>, <a href=\"https:\/\/almalittera.lt\/collections\/prieinamos-e-knygos-epub3-formatu\" target=\"_blank\" rel=\"noopener\" data-fpl-component=\"primitive\">\u201eAlma Littera\u201c<\/a>, <a href=\"https:\/\/www.leidyklalapas.lt\/collections\/el-knygos\" target=\"_blank\" rel=\"noopener\" data-fpl-component=\"primitive\">\u201eLapas\u201c<\/a> ir kiti Lietuvos leid\u0117jai \u2013 \u012fsigyk ir i\u0161bandyk!<\/p>\n<p>SVARBU! Jei planuoji \u012fsigyti skaitmenin\u0119 knyg\u0105 sau ar savo vaikui \u2013 rekomenduojame rinktis sertifikuotus prieinamus EPUB leidinius. Prekybos platformose jie \u017eymimi simboliu \u201eSertifikuota LAB\u201c.<\/p>\n<p><img decoding=\"async\" class=\"alignnone size-full wp-image-747\" src=\"https:\/\/nauja.labiblioteka.lt\/en\/wp-content\/uploads\/sites\/2\/2026\/02\/image-21.png\" alt=\"\" width=\"101\" height=\"103\" \/><\/p>\n<p>&nbsp;<\/p>\n<h3>Nori pasikalb\u0117ti, turi klausim\u0173? Paskambink arba u\u017esuk!<\/h3>\n<p>Vilnius, Skrobl\u0173 g. 10, tel. +370 666 85 305, el. p. <a href=\"mailto:vilnius@labiblioteka.lt\" target=\"_blank\" rel=\"noopener\" data-fpl-component=\"primitive\">vilnius@labiblioteka.lt<\/a><br \/>\nKaunas, Savanori\u0173 pr. 204A, tel. +370\u202f667 66 922, el. p. <a href=\"mailto:kaunas@labiblioteka.lt\" target=\"_blank\" rel=\"noopener\" data-fpl-component=\"primitive\">kaunas@labiblioteka.lt<\/a><br \/>\nKlaip\u0117da, \u0160viesos g. 3, tel. +370 666 85 308, el. p. <a href=\"mailto:klaipeda@labiblioteka.lt\" target=\"_blank\" rel=\"noopener\" data-fpl-component=\"primitive\">klaipeda@labiblioteka.lt<\/a><br \/>\n\u0160iauliai, Spindulio g. 2, tel. +370 666 85 309, el. p. <a href=\"mailto:siauliai@labiblioteka.lt\" target=\"_blank\" rel=\"noopener\" data-fpl-component=\"primitive\">siauliai@labiblioteka.lt<\/a><br \/>\nPanev\u0117\u017eys, J. \u017demgulio g. 46, tel. +370 666 85 210, el. p. <a href=\"mailto:panevezys@labiblioteka.lt\" target=\"_blank\" rel=\"noopener\" data-fpl-component=\"primitive\">panevezys@labiblioteka.lt\u2028<\/a><br \/>\nUkmerg\u0117, Vytauto g. 30, tel. +370 610 30 067, el. p. <a href=\"mailto:ukmerge@labiblioteka.lt\" target=\"_blank\" rel=\"noopener\" data-fpl-component=\"primitive\">ukmerge@labiblioteka.lt<\/a><\/p>\n<h3>Pasitarti d\u0117l ELVIS prieigos gali ir artimiausioje vie\u0161ojoje bibliotekoje!<\/h3>\n","protected":false},"excerpt":{"rendered":"<p>Turi regos sutrikim\u0105 ar regos negali\u0105? Rinkis garsin\u0119 arba EPUB knyg\u0105. Jei skaitai Brailio ra\u0161tu \u2013 tav\u0119s laukia ne tik popierin\u0117s, bet ir skaitmenin\u0117s Brailio ra\u0161to knygos. Registruokis \u012f ELVIS arba skambink +370 667 80 541! Turi disleksij\u0105 (skaitymo sutrikim\u0105), o gal disleksij\u0105 turi tavo vaikas? Idealiai tinka EPUB, patiks ir garsin\u0117 knyga. Registruokis \u012f [&hellip;]<\/p>\n","protected":false},"author":1,"featured_media":0,"parent":0,"menu_order":0,"comment_status":"closed","ping_status":"closed","template":"templates\/i-want-an-accessible-book.php","meta":{"footnotes":""},"class_list":["post-744","page","type-page","status-publish","hentry"],"acf":[],"yoast_head":"<!-- This site is optimized with the Yoast SEO plugin v26.7 - https:\/\/yoast.com\/wordpress\/plugins\/seo\/ -->\n<title>I want an accessible book - LAB<\/title>\n<meta name=\"robots\" content=\"noindex, follow, max-snippet:-1, max-image-preview:large, max-video-preview:-1\" \/>\n<meta property=\"og:locale\" content=\"en_US\" \/>\n<meta property=\"og:type\" content=\"article\" \/>\n<meta property=\"og:title\" content=\"I want an accessible book - LAB\" \/>\n<meta property=\"og:description\" content=\"Turi regos sutrikim\u0105 ar regos negali\u0105? Rinkis garsin\u0119 arba EPUB knyg\u0105. Jei skaitai Brailio ra\u0161tu \u2013 tav\u0119s laukia ne tik popierin\u0117s, bet ir skaitmenin\u0117s Brailio ra\u0161to knygos. Registruokis \u012f ELVIS arba skambink +370 667 80 541! Turi disleksij\u0105 (skaitymo sutrikim\u0105), o gal disleksij\u0105 turi tavo vaikas? Idealiai tinka EPUB, patiks ir garsin\u0117 knyga. Registruokis \u012f [&hellip;]\" \/>\n<meta property=\"og:url\" content=\"https:\/\/nauja.labiblioteka.lt\/en\/i-want-an-accessible-book\/\" \/>\n<meta property=\"og:site_name\" content=\"LAB\" \/>\n<meta property=\"article:modified_time\" content=\"2026-02-17T14:45:37+00:00\" \/>\n<meta property=\"og:image\" content=\"https:\/\/nauja.labiblioteka.lt\/en\/wp-content\/uploads\/sites\/2\/2026\/02\/image-21.png\" \/>\n\t<meta property=\"og:image:width\" content=\"101\" \/>\n\t<meta property=\"og:image:height\" content=\"103\" \/>\n\t<meta property=\"og:image:type\" content=\"image\/png\" \/>\n<meta name=\"twitter:card\" content=\"summary_large_image\" \/>\n<meta name=\"twitter:label1\" content=\"Est. reading time\" \/>\n\t<meta name=\"twitter:data1\" content=\"2 minutes\" \/>\n<script type=\"application\/ld+json\" class=\"yoast-schema-graph\">{\"@context\":\"https:\/\/schema.org\",\"@graph\":[{\"@type\":\"WebPage\",\"@id\":\"https:\/\/nauja.labiblioteka.lt\/en\/i-want-an-accessible-book\/\",\"url\":\"https:\/\/nauja.labiblioteka.lt\/en\/i-want-an-accessible-book\/\",\"name\":\"I want an accessible book - LAB\",\"isPartOf\":{\"@id\":\"https:\/\/nauja.labiblioteka.lt\/en\/#website\"},\"primaryImageOfPage\":{\"@id\":\"https:\/\/nauja.labiblioteka.lt\/en\/i-want-an-accessible-book\/#primaryimage\"},\"image\":{\"@id\":\"https:\/\/nauja.labiblioteka.lt\/en\/i-want-an-accessible-book\/#primaryimage\"},\"thumbnailUrl\":\"https:\/\/nauja.labiblioteka.lt\/en\/wp-content\/uploads\/sites\/2\/2026\/02\/image-21.png\",\"datePublished\":\"2026-02-17T14:42:05+00:00\",\"dateModified\":\"2026-02-17T14:45:37+00:00\",\"breadcrumb\":{\"@id\":\"https:\/\/nauja.labiblioteka.lt\/en\/i-want-an-accessible-book\/#breadcrumb\"},\"inLanguage\":\"en-US\",\"potentialAction\":[{\"@type\":\"ReadAction\",\"target\":[\"https:\/\/nauja.labiblioteka.lt\/en\/i-want-an-accessible-book\/\"]}]},{\"@type\":\"ImageObject\",\"inLanguage\":\"en-US\",\"@id\":\"https:\/\/nauja.labiblioteka.lt\/en\/i-want-an-accessible-book\/#primaryimage\",\"url\":\"https:\/\/nauja.labiblioteka.lt\/en\/wp-content\/uploads\/sites\/2\/2026\/02\/image-21.png\",\"contentUrl\":\"https:\/\/nauja.labiblioteka.lt\/en\/wp-content\/uploads\/sites\/2\/2026\/02\/image-21.png\",\"width\":101,\"height\":103},{\"@type\":\"BreadcrumbList\",\"@id\":\"https:\/\/nauja.labiblioteka.lt\/en\/i-want-an-accessible-book\/#breadcrumb\",\"itemListElement\":[{\"@type\":\"ListItem\",\"position\":1,\"name\":\"Main\",\"item\":\"https:\/\/nauja.labiblioteka.lt\/en\/\"},{\"@type\":\"ListItem\",\"position\":2,\"name\":\"I want an accessible book\"}]},{\"@type\":\"WebSite\",\"@id\":\"https:\/\/nauja.labiblioteka.lt\/en\/#website\",\"url\":\"https:\/\/nauja.labiblioteka.lt\/en\/\",\"name\":\"LAB\",\"description\":\"Lietuvos audiosensorin\u0117 biblioteka\",\"potentialAction\":[{\"@type\":\"SearchAction\",\"target\":{\"@type\":\"EntryPoint\",\"urlTemplate\":\"https:\/\/nauja.labiblioteka.lt\/en\/?s={search_term_string}\"},\"query-input\":{\"@type\":\"PropertyValueSpecification\",\"valueRequired\":true,\"valueName\":\"search_term_string\"}}],\"inLanguage\":\"en-US\"}]}<\/script>\n<!-- \/ Yoast SEO plugin. -->","yoast_head_json":{"title":"I want an accessible book - LAB","robots":{"index":"noindex","follow":"follow","max-snippet":"max-snippet:-1","max-image-preview":"max-image-preview:large","max-video-preview":"max-video-preview:-1"},"og_locale":"en_US","og_type":"article","og_title":"I want an accessible book - LAB","og_description":"Turi regos sutrikim\u0105 ar regos negali\u0105? Rinkis garsin\u0119 arba EPUB knyg\u0105. Jei skaitai Brailio ra\u0161tu \u2013 tav\u0119s laukia ne tik popierin\u0117s, bet ir skaitmenin\u0117s Brailio ra\u0161to knygos. Registruokis \u012f ELVIS arba skambink +370 667 80 541! Turi disleksij\u0105 (skaitymo sutrikim\u0105), o gal disleksij\u0105 turi tavo vaikas? Idealiai tinka EPUB, patiks ir garsin\u0117 knyga. Registruokis \u012f [&hellip;]","og_url":"https:\/\/nauja.labiblioteka.lt\/en\/i-want-an-accessible-book\/","og_site_name":"LAB","article_modified_time":"2026-02-17T14:45:37+00:00","og_image":[{"width":101,"height":103,"url":"https:\/\/nauja.labiblioteka.lt\/en\/wp-content\/uploads\/sites\/2\/2026\/02\/image-21.png","type":"image\/png"}],"twitter_card":"summary_large_image","twitter_misc":{"Est. reading time":"2 minutes"},"schema":{"@context":"https:\/\/schema.org","@graph":[{"@type":"WebPage","@id":"https:\/\/nauja.labiblioteka.lt\/en\/i-want-an-accessible-book\/","url":"https:\/\/nauja.labiblioteka.lt\/en\/i-want-an-accessible-book\/","name":"I want an accessible book - LAB","isPartOf":{"@id":"https:\/\/nauja.labiblioteka.lt\/en\/#website"},"primaryImageOfPage":{"@id":"https:\/\/nauja.labiblioteka.lt\/en\/i-want-an-accessible-book\/#primaryimage"},"image":{"@id":"https:\/\/nauja.labiblioteka.lt\/en\/i-want-an-accessible-book\/#primaryimage"},"thumbnailUrl":"https:\/\/nauja.labiblioteka.lt\/en\/wp-content\/uploads\/sites\/2\/2026\/02\/image-21.png","datePublished":"2026-02-17T14:42:05+00:00","dateModified":"2026-02-17T14:45:37+00:00","breadcrumb":{"@id":"https:\/\/nauja.labiblioteka.lt\/en\/i-want-an-accessible-book\/#breadcrumb"},"inLanguage":"en-US","potentialAction":[{"@type":"ReadAction","target":["https:\/\/nauja.labiblioteka.lt\/en\/i-want-an-accessible-book\/"]}]},{"@type":"ImageObject","inLanguage":"en-US","@id":"https:\/\/nauja.labiblioteka.lt\/en\/i-want-an-accessible-book\/#primaryimage","url":"https:\/\/nauja.labiblioteka.lt\/en\/wp-content\/uploads\/sites\/2\/2026\/02\/image-21.png","contentUrl":"https:\/\/nauja.labiblioteka.lt\/en\/wp-content\/uploads\/sites\/2\/2026\/02\/image-21.png","width":101,"height":103},{"@type":"BreadcrumbList","@id":"https:\/\/nauja.labiblioteka.lt\/en\/i-want-an-accessible-book\/#breadcrumb","itemListElement":[{"@type":"ListItem","position":1,"name":"Main","item":"https:\/\/nauja.labiblioteka.lt\/en\/"},{"@type":"ListItem","position":2,"name":"I want an accessible book"}]},{"@type":"WebSite","@id":"https:\/\/nauja.labiblioteka.lt\/en\/#website","url":"https:\/\/nauja.labiblioteka.lt\/en\/","name":"LAB","description":"Lietuvos audiosensorin\u0117 biblioteka","potentialAction":[{"@type":"SearchAction","target":{"@type":"EntryPoint","urlTemplate":"https:\/\/nauja.labiblioteka.lt\/en\/?s={search_term_string}"},"query-input":{"@type":"PropertyValueSpecification","valueRequired":true,"valueName":"search_term_string"}}],"inLanguage":"en-US"}]}},"_links":{"self":[{"href":"https:\/\/nauja.labiblioteka.lt\/en\/wp-json\/wp\/v2\/pages\/744","targetHints":{"allow":["GET"]}}],"collection":[{"href":"https:\/\/nauja.labiblioteka.lt\/en\/wp-json\/wp\/v2\/pages"}],"about":[{"href":"https:\/\/nauja.labiblioteka.lt\/en\/wp-json\/wp\/v2\/types\/page"}],"author":[{"embeddable":true,"href":"https:\/\/nauja.labiblioteka.lt\/en\/wp-json\/wp\/v2\/users\/1"}],"replies":[{"embeddable":true,"href":"https:\/\/nauja.labiblioteka.lt\/en\/wp-json\/wp\/v2\/comments?post=744"}],"version-history":[{"count":3,"href":"https:\/\/nauja.labiblioteka.lt\/en\/wp-json\/wp\/v2\/pages\/744\/revisions"}],"predecessor-version":[{"id":748,"href":"https:\/\/nauja.labiblioteka.lt\/en\/wp-json\/wp\/v2\/pages\/744\/revisions\/748"}],"wp:attachment":[{"href":"https:\/\/nauja.labiblioteka.lt\/en\/wp-json\/wp\/v2\/media?parent=744"}],"curies":[{"name":"wp","href":"https:\/\/api.w.org\/{rel}","templated":true}]}}